{"id":110,"date":"2024-05-12T16:28:40","date_gmt":"2024-05-12T16:28:40","guid":{"rendered":"https:\/\/covenantarian.org\/u\/?page_id=110"},"modified":"2024-05-12T16:29:00","modified_gmt":"2024-05-12T16:29:00","slug":"oracion-para-la-plenitud-espiritual","status":"publish","type":"page","link":"https:\/\/covenantarian.org\/u\/oraciones\/oracion-para-la-plenitud-espiritual\/","title":{"rendered":"Oraci\u00f3n para la Plenitud Espiritual"},"content":{"rendered":"<div class=\"entry\">\n<p>Alaha misericordioso, en nuestra b\u00fasqueda de realizaci\u00f3n espiritual, te pedimos humildemente que nos ayudes a dejar de lado las pretensiones del ego que nos separan de Ti.<\/p>\n<p>Perm\u00edtenos sumergirnos en la profundidad de tu Presencia, encontrando en ella la plenitud y la paz que anhelamos.<\/p>\n<p>Recu\u00e9rdanos siempre que la verdadera conexi\u00f3n contigo radica en dejar de lado nuestro ego, abri\u00e9ndonos a la magnificencia de tu alma y tu Presencia divina que nos rodea. Am\u00e9n.<\/p>\n<\/div>\n","protected":false},"excerpt":{"rendered":"<p>Alaha misericordioso, en nuestra b\u00fasqueda de realizaci\u00f3n espiritual, te pedimos humildemente que nos ayudes a dejar de lado las pretensiones del ego que nos separan de Ti. Perm\u00edtenos sumergirnos en la profundidad de tu Presencia, encontrando en ella la plenitud y la paz que anhelamos. Recu\u00e9rdanos siempre que la verdadera conexi\u00f3n contigo radica en dejar &#8230;<\/p>\n","protected":false},"author":2,"featured_media":0,"parent":20,"menu_order":0,"comment_status":"closed","ping_status":"closed","template":"","meta":{"footnotes":""},"class_list":["post-110","page","type-page","status-publish"],"_links":{"self":[{"href":"https:\/\/covenantarian.org\/u\/wp-json\/wp\/v2\/pages\/110","targetHints":{"allow":["GET"]}}],"collection":[{"href":"https:\/\/covenantarian.org\/u\/wp-json\/wp\/v2\/pages"}],"about":[{"href":"https:\/\/covenantarian.org\/u\/wp-json\/wp\/v2\/types\/page"}],"author":[{"embeddable":true,"href":"https:\/\/covenantarian.org\/u\/wp-json\/wp\/v2\/users\/2"}],"replies":[{"embeddable":true,"href":"https:\/\/covenantarian.org\/u\/wp-json\/wp\/v2\/comments?post=110"}],"version-history":[{"count":2,"href":"https:\/\/covenantarian.org\/u\/wp-json\/wp\/v2\/pages\/110\/revisions"}],"predecessor-version":[{"id":112,"href":"https:\/\/covenantarian.org\/u\/wp-json\/wp\/v2\/pages\/110\/revisions\/112"}],"up":[{"embeddable":true,"href":"https:\/\/covenantarian.org\/u\/wp-json\/wp\/v2\/pages\/20"}],"wp:attachment":[{"href":"https:\/\/covenantarian.org\/u\/wp-json\/wp\/v2\/media?parent=110"}],"curies":[{"name":"wp","href":"https:\/\/api.w.org\/{rel}","templated":true}]}}