{"id":1633,"date":"2024-01-01T18:39:37","date_gmt":"2024-01-01T18:39:37","guid":{"rendered":"https:\/\/cofgod.org\/ministries\/?page_id=158"},"modified":"2025-10-08T12:48:20","modified_gmt":"2025-10-08T12:48:20","slug":"links","status":"publish","type":"page","link":"https:\/\/covenantarian.org\/u\/links\/","title":{"rendered":"Links"},"content":{"rendered":"<div class=\"entry\">\n<p><strong>P&#8217;shitta<\/strong><\/p>\n<ul>\n<li><a href=\"https:\/\/archive.org\/details\/oldtestamentinsy00lond\/mode\/2up\" rel=\"noopener\" target=\"_blank\">Antiguo Testamento en sir\u00edaco<\/a><\/li>\n<li><a href=\"https:\/\/www.syriacbible.nl\/home.htm\" rel=\"noopener\" target=\"_blank\">Nuevo Testamento en sir\u00edaco en l\u00ednea<\/a><\/li>\n<li><a href=\"https:\/\/www.tertullian.org\/rpearse\/RightToLeft_Syriac\/peshitta\/peshitta_frames.htm\" rel=\"noopener\" target=\"_blank\">Nuevo Testamento en sir\u00edaco en l\u00ednea<\/a><\/li>\n<li><a href=\"https:\/\/www.studylight.org\/bible\/eng\/jmt.html\" rel=\"noopener\" target=\"_blank\">Traducci\u00f3n de James Murdock de la Peshitta (ingl\u00e9s)<\/a><\/li>\n<li><a href=\"https:\/\/www.studylight.org\/bible\/eng\/jet.html\" rel=\"noopener\" target=\"_blank\">Traducci\u00f3n de J.W. Etheridge del Nuevo Testamento en sir\u00edaco (ingl\u00e9s)<\/a><\/li>\n<li><a href=\"https:\/\/pshitta.com\/english\/\" rel=\"noopener\" target=\"_blank\">Tanaj P&#8217;shitta: Biblia jud\u00eda aramea en ingl\u00e9s<\/a><\/li>\n<li><a href=\"https:\/\/www.dukhrana.com\/\" rel=\"noopener\" target=\"_blank\">Investigaci\u00f3n B\u00edblica Dukhrana (ingl\u00e9s)<\/a><\/li>\n<li><a href=\"https:\/\/www.tertullian.org\/rpearse\/thesyriaclibrary\/\" rel=\"noopener\" target=\"_blank\">Biblioteca sir\u00edaca<\/a><\/li>\n<li><a href=\"https:\/\/www.aliexpress.com\/i\/3256804289926293.html\" rel=\"noopener\" target=\"_blank\">Peshitta in Portuguese (various formats)<\/a><\/li>\n<li><a href=\"https:\/\/www.amazon.com\/Biblia-Peshitta-tapa-dura-aumentada\/dp\/1433644800\/\" rel=\"noopener\" target=\"_blank\">Biblia Peshitta en Espa\u00f1ol<\/a><\/li>\n<\/ul>\n<p><strong>Otras traducciones de la Biblia<\/strong><\/p>\n<ul>\n<li><a href=\"https:\/\/www.biblegateway.com\/\" rel=\"noopener\" target=\"_blank\">Biblias en diversas traducciones y versiones<\/a><\/li>\n<li><a href=\"https:\/\/www.blueletterbible.org\/\" rel=\"noopener\" target=\"_blank\">Blue Letter Bible<\/a> (translations)<\/li>\n<li><a href=\"https:\/\/www.biblica.com\/online-bible\/\" rel=\"noopener\" target=\"_blank\">Biblica<\/a> (translations)<\/li>\n<\/ul>\n<p><strong>Ministerios Prof\u00e9ticos<\/strong><\/p>\n<ul>\n<li><a href=\"https:\/\/messageoflight.org\/\" rel=\"noopener\" target=\"_blank\">Mensajes Prof\u00e9ticos del Mensaje de Luz<\/a><\/li>\n<\/ul>\n<\/div>\n","protected":false},"excerpt":{"rendered":"<p>P&#8217;shitta Antiguo Testamento en sir\u00edaco Nuevo Testamento en sir\u00edaco en l\u00ednea Nuevo Testamento en sir\u00edaco en l\u00ednea Traducci\u00f3n de James Murdock de la Peshitta (ingl\u00e9s) Traducci\u00f3n de J.W. Etheridge del Nuevo Testamento en sir\u00edaco (ingl\u00e9s) Tanaj P&#8217;shitta: Biblia jud\u00eda aramea en ingl\u00e9s Investigaci\u00f3n B\u00edblica Dukhrana (ingl\u00e9s) Biblioteca sir\u00edaca Peshitta in Portuguese (various formats) Biblia Peshitta &#8230;<\/p>\n","protected":false},"author":1,"featured_media":0,"parent":0,"menu_order":0,"comment_status":"closed","ping_status":"closed","template":"","meta":{"footnotes":""},"class_list":["post-1633","page","type-page","status-publish"],"_links":{"self":[{"href":"https:\/\/covenantarian.org\/u\/wp-json\/wp\/v2\/pages\/1633","targetHints":{"allow":["GET"]}}],"collection":[{"href":"https:\/\/covenantarian.org\/u\/wp-json\/wp\/v2\/pages"}],"about":[{"href":"https:\/\/covenantarian.org\/u\/wp-json\/wp\/v2\/types\/page"}],"author":[{"embeddable":true,"href":"https:\/\/covenantarian.org\/u\/wp-json\/wp\/v2\/users\/1"}],"replies":[{"embeddable":true,"href":"https:\/\/covenantarian.org\/u\/wp-json\/wp\/v2\/comments?post=1633"}],"version-history":[{"count":1,"href":"https:\/\/covenantarian.org\/u\/wp-json\/wp\/v2\/pages\/1633\/revisions"}],"predecessor-version":[{"id":1712,"href":"https:\/\/covenantarian.org\/u\/wp-json\/wp\/v2\/pages\/1633\/revisions\/1712"}],"wp:attachment":[{"href":"https:\/\/covenantarian.org\/u\/wp-json\/wp\/v2\/media?parent=1633"}],"curies":[{"name":"wp","href":"https:\/\/api.w.org\/{rel}","templated":true}]}}