{"id":20,"date":"2024-05-11T12:14:55","date_gmt":"2024-05-11T12:14:55","guid":{"rendered":"https:\/\/covenantarian.org\/u\/?page_id=20"},"modified":"2024-05-12T16:48:51","modified_gmt":"2024-05-12T16:48:51","slug":"oraciones","status":"publish","type":"page","link":"https:\/\/covenantarian.org\/u\/oraciones\/","title":{"rendered":"Oraciones"},"content":{"rendered":"<div class=\"entry\">\n<ul>\n<li><a href=\"https:\/\/covenantarian.org\/u\/oraciones\/oracion-matutina-para-domingo-a-jueves\/\">Domingo a Jueves<\/a><\/li>\n<li>Viernes (<a href=\"https:\/\/covenantarian.org\/u\/oraciones\/oracion-diurna-para-el-viernes\/\">Ma\u00f1ana<\/a> \/ <a href=\"https:\/\/covenantarian.org\/u\/oraciones\/oracion-para-la-noche-del-viernes\/\">Noche<\/a>)<\/li>\n<li>S\u00e1bado (<a href=\"https:\/\/covenantarian.org\/u\/oraciones\/oracion-para-el-dia-de-reposo-shabta\/\">Ma\u00f1ana<\/a> \/ <a href=\"https:\/\/covenantarian.org\/u\/oraciones\/oracion-para-la-noche-del-sabado\/\">Noche<\/a>)<\/li>\n<li><a href=\"https:\/\/covenantarian.org\/u\/oraciones\/oracion-de-confianza-en-dios\/\">Oraci\u00f3n de Confianza en Dios<\/a><\/li>\n<li><a href=\"https:\/\/covenantarian.org\/u\/oraciones\/oracion-para-la-plenitud-espiritual\/\">Oraci\u00f3n para la Plenitud Espiritual<\/a><\/li>\n<li><a href=\"https:\/\/covenantarian.org\/u\/oraciones\/unico-creador\/\">\u00danico Creador<\/a><\/li>\n<\/ul>\n<hr>\n<p><strong>Sh&#8217;ma del Pacto Unido<\/strong><\/p>\n<p>MarYah<sup>*<\/sup> nuestro Dios, MarYah uno es. Bendito sea el Nombre de Su glorioso reino por siempre jam\u00e1s. <\/p>\n<p>MarYah nuestro Dios, no hay otro dios en los cielos ni en la tierra que sea como t\u00fa. T\u00fa eres el \u00fanico Dios.<\/p>\n<hr>\n<p><strong>Kaddish del Pacto Unido<\/strong><\/p>\n<p>Bendito eres t\u00fa, MarYah, nuestro Dios, Rey del Universo, quien forma la luz y crea la oscuridad. Quien hace la paz y crea todo. \u00c9l que ilumina la tierra y a aquellos que moran en ella &#8211; con compasi\u00f3n, y con su bondad renueva diariamente la obra de la creaci\u00f3n. \u00a1Qu\u00e9 grandes son tus obras! Nuestro Rey, solo desde antes del tiempo. El digno de alabanza, el glorificado y el exaltado &#8211; desde los d\u00edas del principio del mundo. Con tu abundante misericordia, ten piedad de nosotros. Maestro de nuestra fuerza, la roca de nuestro refugio, el escudo de nuestra salvaci\u00f3n, refugio para nosotros, grande en conocimiento, quien prepar\u00f3 y hizo las luces de los cielos. T\u00fa lo creaste para el honor de tu nombre. Se colocaron luminarias en los cielos. Glorificamos al Todopoderoso. Alabado seas t\u00fa, nuestro Dios en los Cielos arriba y sobre la tierra abajo. Gloria a ti, Alaha<sup>*<\/sup>, gloria a ti.<\/p>\n<hr>\n<p><small>* <em>MarYah<\/em>. Yahweh. .\u05d9\u05d4\u05d5\u05d4\u200e .\u0721\u0735\u072a\u071d\u0735\u0710 .\u071d\u0717\u0718\u0717 \u071d\u0739\u0717\u0718\u073c\u0712\u0742\u0735\u0710 Yihuwa (yee-hoo-wah). El Se\u00f1or.<\/small><br \/>\n<small>* <em>Alaha<\/em>. Aramaico para \u00abDios.\u00bb .\u0710\u0732\u0720\u0735\u0717\u0735\u0710<\/small><\/p>\n<\/div>\n","protected":false},"excerpt":{"rendered":"<p>Domingo a Jueves Viernes (Ma\u00f1ana \/ Noche) S\u00e1bado (Ma\u00f1ana \/ Noche) Oraci\u00f3n de Confianza en Dios Oraci\u00f3n para la Plenitud Espiritual \u00danico Creador Sh&#8217;ma del Pacto Unido MarYah* nuestro Dios, MarYah uno es. Bendito sea el Nombre de Su glorioso reino por siempre jam\u00e1s. MarYah nuestro Dios, no hay otro dios en los cielos ni &#8230;<\/p>\n","protected":false},"author":2,"featured_media":0,"parent":0,"menu_order":0,"comment_status":"closed","ping_status":"closed","template":"","meta":{"footnotes":""},"class_list":["post-20","page","type-page","status-publish"],"_links":{"self":[{"href":"https:\/\/covenantarian.org\/u\/wp-json\/wp\/v2\/pages\/20","targetHints":{"allow":["GET"]}}],"collection":[{"href":"https:\/\/covenantarian.org\/u\/wp-json\/wp\/v2\/pages"}],"about":[{"href":"https:\/\/covenantarian.org\/u\/wp-json\/wp\/v2\/types\/page"}],"author":[{"embeddable":true,"href":"https:\/\/covenantarian.org\/u\/wp-json\/wp\/v2\/users\/2"}],"replies":[{"embeddable":true,"href":"https:\/\/covenantarian.org\/u\/wp-json\/wp\/v2\/comments?post=20"}],"version-history":[{"count":27,"href":"https:\/\/covenantarian.org\/u\/wp-json\/wp\/v2\/pages\/20\/revisions"}],"predecessor-version":[{"id":117,"href":"https:\/\/covenantarian.org\/u\/wp-json\/wp\/v2\/pages\/20\/revisions\/117"}],"wp:attachment":[{"href":"https:\/\/covenantarian.org\/u\/wp-json\/wp\/v2\/media?parent=20"}],"curies":[{"name":"wp","href":"https:\/\/api.w.org\/{rel}","templated":true}]}}