{"id":22,"date":"2024-05-11T12:16:47","date_gmt":"2024-05-11T12:16:47","guid":{"rendered":"https:\/\/covenantarian.org\/u\/?page_id=22"},"modified":"2024-05-12T16:01:19","modified_gmt":"2024-05-12T16:01:19","slug":"oracion-matutina-para-domingo-a-jueves","status":"publish","type":"page","link":"https:\/\/covenantarian.org\/u\/oraciones\/oracion-matutina-para-domingo-a-jueves\/","title":{"rendered":"Oraci\u00f3n Matutina para Domingo a Jueves"},"content":{"rendered":"<div class=\"entry\">\n<p><em>(Lee el Salmo 27)<\/em><\/p>\n<p>Padre nuestro MarYah, Ilshaddai<sup>*<\/sup>, elevamos nuestras voces para alabarte y bendecir tu santo nombre. T\u00fa eres el creador del cielo y la tierra, el guardi\u00e1n de nuestras vidas y el dador de todo bien.<\/p>\n<p>Te agradecemos por el d\u00eda que ha pasado, por cada bendici\u00f3n que nos has concedido y por tu amor infinito que nos rodea en todo momento. Reconocemos tu bondad y tu fidelidad en cada paso de nuestro camino.<\/p>\n<p>Te pedimos, oh MarYah, que extiendas tu mano poderosa sobre nosotros, protegi\u00e9ndonos de todo mal y peligro. Que tu luz divina ilumine nuestro camino y nos gu\u00ede por sendas de justicia y verdad.<\/p>\n<p>Bend\u00edcenos, oh Se\u00f1or, con tu gracia y tu favor, y perm\u00edtenos sentir tu presencia cercana en cada momento de nuestras vidas. Fortal\u00e9cenos con tu Esp\u00edritu Santo y ay\u00fadanos a seguir tus mandamientos con fidelidad y amor.<\/p>\n<p>Que en todo lo que hagamos, glorifiquemos tu santo nombre y seamos testigos de tu amor y tu poder para con aquellos que nos rodean. <\/p>\n<p>Que MarYah gu\u00ede nuestros corazones, nuestras mentes, nuestros pies y nuestras mentes con Su palabra. Am\u00e9n.<\/p>\n<hr>\n<p><strong>Contempla<\/strong><\/p>\n<p><em>Domingo:<\/em> Los mandamientos del Padre no son demasiado dif\u00edciles de observar, pero para algunos del Remanente, no son capaces de cumplirlos a la perfecci\u00f3n. El Padre es consciente de los que se esfuerzan por la perfecci\u00f3n y de los que practican la farsa religiosa. No os encontr\u00e9is entre estos \u00faltimos.<\/p>\n<p><em>Lunes:<\/em> Las leyes universales se han dado como un est\u00e1ndar para la evaluaci\u00f3n de la humanidad, pero los mandamientos se han dado como un est\u00e1ndar para la evaluaci\u00f3n del Remanente.<\/p>\n<p><em>Martes:<\/em> Mis amados hermanos y hermanas, no llor\u00e9is porque no pod\u00e9is cumplir todos los mandamientos del Padre. Mi Padre que est\u00e1 en los cielos conoce vuestro coraz\u00f3n y sabe cu\u00e1les son vuestras capacidades. Haced todo lo posible por cumplir todo lo que pod\u00e1is, y \u00c9l os evaluar\u00e1 seg\u00fan Su conocimiento, y no seg\u00fan vuestra debilidad.<\/p>\n<p><em>Mi\u00e9rcoles:<\/em> Estad en paz y sabed que el Padre ama a cada uno de vosotros. \u00c9l os conoce individualmente y el juicio se hace conforme a Su propia sabidur\u00eda.<\/p>\n<p><em>Jueves:<\/em> Fortalecer tu fe y restaurar tu relaci\u00f3n con Dios es un proceso que requiere paciencia, persistencia y ganas de crecer y aprender. Siempre mantente abierto a la gu\u00eda del Esp\u00edritu de Santidad para ense\u00f1arte la Voluntad del Padre.<\/p>\n<hr>\n<p>* Ilshaddai: \u0710\u0739\u071d\u0720\u072b\u0732\u0715\u0732\u071d Dios Todopoderoso, \u00abEl Shaddai\u00bb<\/p>\n<\/div>\n","protected":false},"excerpt":{"rendered":"<p>(Lee el Salmo 27) Padre nuestro MarYah, Ilshaddai*, elevamos nuestras voces para alabarte y bendecir tu santo nombre. T\u00fa eres el creador del cielo y la tierra, el guardi\u00e1n de nuestras vidas y el dador de todo bien. Te agradecemos por el d\u00eda que ha pasado, por cada bendici\u00f3n que nos has concedido y por &#8230;<\/p>\n","protected":false},"author":2,"featured_media":0,"parent":20,"menu_order":0,"comment_status":"closed","ping_status":"closed","template":"","meta":{"footnotes":""},"class_list":["post-22","page","type-page","status-publish"],"_links":{"self":[{"href":"https:\/\/covenantarian.org\/u\/wp-json\/wp\/v2\/pages\/22","targetHints":{"allow":["GET"]}}],"collection":[{"href":"https:\/\/covenantarian.org\/u\/wp-json\/wp\/v2\/pages"}],"about":[{"href":"https:\/\/covenantarian.org\/u\/wp-json\/wp\/v2\/types\/page"}],"author":[{"embeddable":true,"href":"https:\/\/covenantarian.org\/u\/wp-json\/wp\/v2\/users\/2"}],"replies":[{"embeddable":true,"href":"https:\/\/covenantarian.org\/u\/wp-json\/wp\/v2\/comments?post=22"}],"version-history":[{"count":5,"href":"https:\/\/covenantarian.org\/u\/wp-json\/wp\/v2\/pages\/22\/revisions"}],"predecessor-version":[{"id":103,"href":"https:\/\/covenantarian.org\/u\/wp-json\/wp\/v2\/pages\/22\/revisions\/103"}],"up":[{"embeddable":true,"href":"https:\/\/covenantarian.org\/u\/wp-json\/wp\/v2\/pages\/20"}],"wp:attachment":[{"href":"https:\/\/covenantarian.org\/u\/wp-json\/wp\/v2\/media?parent=22"}],"curies":[{"name":"wp","href":"https:\/\/api.w.org\/{rel}","templated":true}]}}