{"id":27,"date":"2024-05-11T12:19:49","date_gmt":"2024-05-11T12:19:49","guid":{"rendered":"https:\/\/covenantarian.org\/u\/?page_id=27"},"modified":"2024-05-12T15:57:13","modified_gmt":"2024-05-12T15:57:13","slug":"oracion-diurna-para-el-viernes","status":"publish","type":"page","link":"https:\/\/covenantarian.org\/u\/oraciones\/oracion-diurna-para-el-viernes\/","title":{"rendered":"Oraci\u00f3n Diurna para el Viernes"},"content":{"rendered":"<div class=\"entry\">\n<p>Oh MarYah Alaha, en este viernes sagrado, te buscamos con humildad y devoci\u00f3n. Reconocemos el pacto unido entre nosotros, tus hijos, y pedimos tu gu\u00eda para permanecer unidos en tu amor y en tu verdad.<\/p>\n<p>T\u00fa eres el \u00fanico Dios, el que nos une en nuestra diversidad, y en ti encontramos la fuerza para superar nuestras diferencias y trabajar juntos por un mundo lleno de paz y justicia.<\/p>\n<p>Danos la sabidur\u00eda para reconocer tu presencia en cada ser humano, y el coraje para amar y respetar a todos como tus hijos amados.<\/p>\n<p>En esta jornada de viernes, te pedimos fortaleza para enfrentar nuestros desaf\u00edos, y la gracia para seguir tu camino de amor y compasi\u00f3n.<\/p>\n<p>Que en este d\u00eda, y en todos los d\u00edas, podamos vivir en unidad y armon\u00eda, bajo el abrazo amoroso de tu divina presencia. <\/p>\n<p>Que MarYah gu\u00ede nuestros corazones, nuestras mentes, nuestros pies y nuestras mentes con Su palabra. Am\u00e9n.<\/p>\n<\/div>\n","protected":false},"excerpt":{"rendered":"<p>Oh MarYah Alaha, en este viernes sagrado, te buscamos con humildad y devoci\u00f3n. Reconocemos el pacto unido entre nosotros, tus hijos, y pedimos tu gu\u00eda para permanecer unidos en tu amor y en tu verdad. T\u00fa eres el \u00fanico Dios, el que nos une en nuestra diversidad, y en ti encontramos la fuerza para superar &#8230;<\/p>\n","protected":false},"author":2,"featured_media":0,"parent":20,"menu_order":0,"comment_status":"closed","ping_status":"closed","template":"","meta":{"footnotes":""},"class_list":["post-27","page","type-page","status-publish"],"_links":{"self":[{"href":"https:\/\/covenantarian.org\/u\/wp-json\/wp\/v2\/pages\/27","targetHints":{"allow":["GET"]}}],"collection":[{"href":"https:\/\/covenantarian.org\/u\/wp-json\/wp\/v2\/pages"}],"about":[{"href":"https:\/\/covenantarian.org\/u\/wp-json\/wp\/v2\/types\/page"}],"author":[{"embeddable":true,"href":"https:\/\/covenantarian.org\/u\/wp-json\/wp\/v2\/users\/2"}],"replies":[{"embeddable":true,"href":"https:\/\/covenantarian.org\/u\/wp-json\/wp\/v2\/comments?post=27"}],"version-history":[{"count":2,"href":"https:\/\/covenantarian.org\/u\/wp-json\/wp\/v2\/pages\/27\/revisions"}],"predecessor-version":[{"id":97,"href":"https:\/\/covenantarian.org\/u\/wp-json\/wp\/v2\/pages\/27\/revisions\/97"}],"up":[{"embeddable":true,"href":"https:\/\/covenantarian.org\/u\/wp-json\/wp\/v2\/pages\/20"}],"wp:attachment":[{"href":"https:\/\/covenantarian.org\/u\/wp-json\/wp\/v2\/media?parent=27"}],"curies":[{"name":"wp","href":"https:\/\/api.w.org\/{rel}","templated":true}]}}