{"id":31,"date":"2024-05-11T12:23:21","date_gmt":"2024-05-11T12:23:21","guid":{"rendered":"https:\/\/covenantarian.org\/u\/?page_id=31"},"modified":"2024-05-12T15:56:57","modified_gmt":"2024-05-12T15:56:57","slug":"oracion-para-la-noche-del-viernes","status":"publish","type":"page","link":"https:\/\/covenantarian.org\/u\/oraciones\/oracion-para-la-noche-del-viernes\/","title":{"rendered":"Oraci\u00f3n para la Noche del Viernes"},"content":{"rendered":"<div class=\"entry\">\n<p>MarYah Alaha, en esta noche de viernes, nos acercamos a ti con gratitud en nuestros corazones. Damos gracias por las bendiciones de esta semana que has derramado sobre nosotros, por tu amor inagotable que nos sostiene en cada paso del camino.<\/p>\n<p>En este momento de reflexi\u00f3n y adoraci\u00f3n, nos preparamos para recibir el d\u00eda de reposo, para descansar en tu presencia y renovar nuestras fuerzas en tu gracia.<\/p>\n<p>Te agradecemos por tu constante provisi\u00f3n y cuidado, por cada momento de alegr\u00eda y por cada desaf\u00edo que nos ha hecho crecer.<\/p>\n<p>Que esta noche sea un recordatorio de tu amor constante y de tu fidelidad, y que podamos entrar en el d\u00eda de reposo con corazones agradecidos y humildes.<\/p>\n<p>Bendice nuestro tiempo juntos y que nuestra adoraci\u00f3n te sea aceptable, oh MarYah, nuestro refugio y nuestra fortaleza. <\/p>\n<p>Que MarYah gu\u00ede nuestros corazones, nuestras mentes, nuestros pies y nuestras mentes con Su palabra. Am\u00e9n.<\/p>\n<\/div>\n","protected":false},"excerpt":{"rendered":"<p>MarYah Alaha, en esta noche de viernes, nos acercamos a ti con gratitud en nuestros corazones. Damos gracias por las bendiciones de esta semana que has derramado sobre nosotros, por tu amor inagotable que nos sostiene en cada paso del camino. En este momento de reflexi\u00f3n y adoraci\u00f3n, nos preparamos para recibir el d\u00eda de &#8230;<\/p>\n","protected":false},"author":2,"featured_media":0,"parent":20,"menu_order":0,"comment_status":"closed","ping_status":"closed","template":"","meta":{"footnotes":""},"class_list":["post-31","page","type-page","status-publish"],"_links":{"self":[{"href":"https:\/\/covenantarian.org\/u\/wp-json\/wp\/v2\/pages\/31","targetHints":{"allow":["GET"]}}],"collection":[{"href":"https:\/\/covenantarian.org\/u\/wp-json\/wp\/v2\/pages"}],"about":[{"href":"https:\/\/covenantarian.org\/u\/wp-json\/wp\/v2\/types\/page"}],"author":[{"embeddable":true,"href":"https:\/\/covenantarian.org\/u\/wp-json\/wp\/v2\/users\/2"}],"replies":[{"embeddable":true,"href":"https:\/\/covenantarian.org\/u\/wp-json\/wp\/v2\/comments?post=31"}],"version-history":[{"count":2,"href":"https:\/\/covenantarian.org\/u\/wp-json\/wp\/v2\/pages\/31\/revisions"}],"predecessor-version":[{"id":96,"href":"https:\/\/covenantarian.org\/u\/wp-json\/wp\/v2\/pages\/31\/revisions\/96"}],"up":[{"embeddable":true,"href":"https:\/\/covenantarian.org\/u\/wp-json\/wp\/v2\/pages\/20"}],"wp:attachment":[{"href":"https:\/\/covenantarian.org\/u\/wp-json\/wp\/v2\/media?parent=31"}],"curies":[{"name":"wp","href":"https:\/\/api.w.org\/{rel}","templated":true}]}}