{"id":35,"date":"2024-05-11T12:25:31","date_gmt":"2024-05-11T12:25:31","guid":{"rendered":"https:\/\/covenantarian.org\/u\/?page_id=35"},"modified":"2024-05-12T15:56:31","modified_gmt":"2024-05-12T15:56:31","slug":"oracion-para-el-dia-de-reposo-shabta","status":"publish","type":"page","link":"https:\/\/covenantarian.org\/u\/oraciones\/oracion-para-el-dia-de-reposo-shabta\/","title":{"rendered":"Oraci\u00f3n para el D\u00eda de Reposo (Shabta)"},"content":{"rendered":"<div class=\"entry\">\n<p><em>(Lee el Salmo 92)<\/em><\/p>\n<p>Nuestro Padre, en este s\u00e1bado santo, nos postramos ante ti con corazones agradecidos. Te damos gracias por este d\u00eda de reposo, un regalo divino para renovar nuestro esp\u00edritu y fortalecer nuestra fe.<\/p>\n<p>Celebramos la unidad entre hermanos y hermanas en el pacto unido, una comunidad unida por tu amor y tu verdad, donde encontramos consuelo y fortaleza.<\/p>\n<p>Te agradecemos por cada hermano y hermana que camina a nuestro lado, por su apoyo, su aliento y su amor que nos ayudan a seguir adelante.<\/p>\n<p>Bendice este d\u00eda, oh Se\u00f1or, y fortalece nuestra comuni\u00f3n, que podamos crecer juntos en amor y en servicio a tu nombre.<\/p>\n<p>Que cada momento de este s\u00e1bado sea una oportunidad para honrarte y adorarte, y que nuestra unidad sea un reflejo de tu gloria en el mundo. <\/p>\n<p>Que MarYah gu\u00ede nuestro coraz\u00f3n, nuestra mente, nuestros pies y nuestras manos con Su palabra. Am\u00e9n.<\/p>\n<\/div>\n","protected":false},"excerpt":{"rendered":"<p>(Lee el Salmo 92) Nuestro Padre, en este s\u00e1bado santo, nos postramos ante ti con corazones agradecidos. Te damos gracias por este d\u00eda de reposo, un regalo divino para renovar nuestro esp\u00edritu y fortalecer nuestra fe. Celebramos la unidad entre hermanos y hermanas en el pacto unido, una comunidad unida por tu amor y tu &#8230;<\/p>\n","protected":false},"author":2,"featured_media":0,"parent":20,"menu_order":0,"comment_status":"closed","ping_status":"closed","template":"","meta":{"footnotes":""},"class_list":["post-35","page","type-page","status-publish"],"_links":{"self":[{"href":"https:\/\/covenantarian.org\/u\/wp-json\/wp\/v2\/pages\/35","targetHints":{"allow":["GET"]}}],"collection":[{"href":"https:\/\/covenantarian.org\/u\/wp-json\/wp\/v2\/pages"}],"about":[{"href":"https:\/\/covenantarian.org\/u\/wp-json\/wp\/v2\/types\/page"}],"author":[{"embeddable":true,"href":"https:\/\/covenantarian.org\/u\/wp-json\/wp\/v2\/users\/2"}],"replies":[{"embeddable":true,"href":"https:\/\/covenantarian.org\/u\/wp-json\/wp\/v2\/comments?post=35"}],"version-history":[{"count":3,"href":"https:\/\/covenantarian.org\/u\/wp-json\/wp\/v2\/pages\/35\/revisions"}],"predecessor-version":[{"id":95,"href":"https:\/\/covenantarian.org\/u\/wp-json\/wp\/v2\/pages\/35\/revisions\/95"}],"up":[{"embeddable":true,"href":"https:\/\/covenantarian.org\/u\/wp-json\/wp\/v2\/pages\/20"}],"wp:attachment":[{"href":"https:\/\/covenantarian.org\/u\/wp-json\/wp\/v2\/media?parent=35"}],"curies":[{"name":"wp","href":"https:\/\/api.w.org\/{rel}","templated":true}]}}