{"id":38,"date":"2024-05-11T12:26:47","date_gmt":"2024-05-11T12:26:47","guid":{"rendered":"https:\/\/covenantarian.org\/u\/?page_id=38"},"modified":"2024-05-12T15:56:20","modified_gmt":"2024-05-12T15:56:20","slug":"oracion-para-la-noche-del-sabado","status":"publish","type":"page","link":"https:\/\/covenantarian.org\/u\/oraciones\/oracion-para-la-noche-del-sabado\/","title":{"rendered":"Oraci\u00f3n para la Noche del S\u00e1bado"},"content":{"rendered":"<div class=\"entry\">\n<p>Oh MarYah, nuestro Padre amoroso, en esta noche de s\u00e1bado, te damos gracias por tu tierna bondad y amor que nos rodea en todo momento. Nos inclinamos ante ti con corazones llenos de gratitud por el d\u00eda de reposo que nos has otorgado, un d\u00eda para descansar en tu presencia y renovar nuestro esp\u00edritu.<\/p>\n<p>Te agradecemos por el s\u00e9ptimo d\u00eda, el s\u00e1bado, un recordatorio de tu creaci\u00f3n y tu cuidado constante por nosotros. Que cada s\u00e1bado sea un momento para conectarnos m\u00e1s profundamente contigo y para fortalecer nuestra fe en tu palabra.<\/p>\n<p>Padre celestial, te pedimos que bendigas nuestra semana que est\u00e1 por comenzar. Que est\u00e9 llena de tu gracia y tu favor, y que podamos enfrentar cada desaf\u00edo con confianza en tu poder y direcci\u00f3n.<\/p>\n<p>Te rogamos por la protecci\u00f3n de nosotros y de nuestros hermanos espirituales en el Pacto Unido. Que tu mano poderosa nos guarde de todo mal y peligro, y que podamos caminar en tu luz y verdad en todo momento.<\/p>\n<p>Encomendamos nuestras vidas y nuestros caminos en tus manos, sabiendo que t\u00fa eres nuestro refugio y fortaleza en todo momento. Que nuestra comuni\u00f3n contigo crezca cada d\u00eda m\u00e1s fuerte y que podamos ser testigos de tu amor y gracia en nuestras vidas y en la vida de aquellos que nos rodean. <\/p>\n<p>Que MarYah gu\u00ede nuestros corazones, nuestras mentes, nuestros pies y nuestras mentes con Su palabra. Am\u00e9n.<\/p>\n<\/div>\n","protected":false},"excerpt":{"rendered":"<p>Oh MarYah, nuestro Padre amoroso, en esta noche de s\u00e1bado, te damos gracias por tu tierna bondad y amor que nos rodea en todo momento. Nos inclinamos ante ti con corazones llenos de gratitud por el d\u00eda de reposo que nos has otorgado, un d\u00eda para descansar en tu presencia y renovar nuestro esp\u00edritu. Te &#8230;<\/p>\n","protected":false},"author":2,"featured_media":0,"parent":20,"menu_order":0,"comment_status":"closed","ping_status":"closed","template":"","meta":{"footnotes":""},"class_list":["post-38","page","type-page","status-publish"],"_links":{"self":[{"href":"https:\/\/covenantarian.org\/u\/wp-json\/wp\/v2\/pages\/38","targetHints":{"allow":["GET"]}}],"collection":[{"href":"https:\/\/covenantarian.org\/u\/wp-json\/wp\/v2\/pages"}],"about":[{"href":"https:\/\/covenantarian.org\/u\/wp-json\/wp\/v2\/types\/page"}],"author":[{"embeddable":true,"href":"https:\/\/covenantarian.org\/u\/wp-json\/wp\/v2\/users\/2"}],"replies":[{"embeddable":true,"href":"https:\/\/covenantarian.org\/u\/wp-json\/wp\/v2\/comments?post=38"}],"version-history":[{"count":2,"href":"https:\/\/covenantarian.org\/u\/wp-json\/wp\/v2\/pages\/38\/revisions"}],"predecessor-version":[{"id":94,"href":"https:\/\/covenantarian.org\/u\/wp-json\/wp\/v2\/pages\/38\/revisions\/94"}],"up":[{"embeddable":true,"href":"https:\/\/covenantarian.org\/u\/wp-json\/wp\/v2\/pages\/20"}],"wp:attachment":[{"href":"https:\/\/covenantarian.org\/u\/wp-json\/wp\/v2\/media?parent=38"}],"curies":[{"name":"wp","href":"https:\/\/api.w.org\/{rel}","templated":true}]}}