{"id":467,"date":"2024-11-02T12:30:54","date_gmt":"2024-11-02T12:30:54","guid":{"rendered":"https:\/\/covenantarian.org\/u\/?page_id=467"},"modified":"2024-11-02T12:36:11","modified_gmt":"2024-11-02T12:36:11","slug":"revelaciones-de-mir-eliya","status":"publish","type":"page","link":"https:\/\/covenantarian.org\/u\/escrituras\/revelaciones-de-mir-eliya\/","title":{"rendered":"Revelaciones de Mir Eliya"},"content":{"rendered":"<div class=\"entry\">\n<p><em>Una Palabra para el 6 de octubre de 2024<\/em><\/p>\n<p><strong>\u00c1ngeles Vengadores<\/strong><\/p>\n<p>Despu\u00e9s de que el enga\u00f1o haya oscurecido los corazones de muchos, y la luz de la verdad no sea m\u00e1s que un destello en la noche, una voz se oir\u00e1 en el desierto\u2014un clamor no de hombre, sino del ej\u00e9rcito celestial. La trompeta sonar\u00e1 desde los cielos m\u00e1s altos, resonando por toda la tierra, y los \u00e1ngeles de la venganza, poderosos y terribles en su semblante, descender\u00e1n con gran furia.<\/p>\n<p>Vestidos con t\u00fanicas de pura luz y empu\u00f1ando espadas de fuego, marchar\u00e1n adelante, sus alas brillando como mil estrellas, para traer la proclamaci\u00f3n del Alt\u00edsimo. Su mensaje resonar\u00e1 en los corazones de hombres y mujeres, llamando a santificar el Nombre por encima de todos los nombres\u2014el nombre de Yahv\u00e9, Dios Todopoderoso, cuya gloria el mundo ha olvidado, y cuya santidad ha sido dejada a un lado por \u00eddolos de piedra y oro.<\/p>\n<p>Y los \u00e1ngeles vengadores clamar\u00e1n al remanente fiel, aquellos que no han doblado la rodilla ante la falsedad, diciendo: \u00abHe aqu\u00ed, el tiempo est\u00e1 cerca. La hora del ajuste de cuentas est\u00e1 a mano, y los ej\u00e9rcitos del cielo se est\u00e1n preparando para la gran batalla. \u00a1Lev\u00e1ntense, oh elegidos! Fortalezcan sus corazones, porque el adversario se mueve r\u00e1pidamente, y las fuerzas de las tinieblas se re\u00fanen en las sombras. El enga\u00f1ador busca devorar las almas de los inocentes y extraviar incluso a los elegidos.\u00bb<\/p>\n<p>Alzar\u00e1n sus voces como el sonido de aguas torrenciales, ordenando: \u00ab\u00a1Proclamen el nombre de Yahv\u00e9 su Dios en las calles, en los mercados y en los campos! Que Su nombre sea exaltado, porque el d\u00eda de la venganza del Se\u00f1or est\u00e1 llegando sobre toda la tierra. El tiempo del silencio ha pasado; hablen con audacia, y que las naciones tiemblen ante el poder de Su fuerza.\u00bb<\/p>\n<p>Entonces los cielos se abrir\u00e1n, y se dar\u00e1n visiones de la batalla que a\u00fan est\u00e1 por venir al remanente. Ver\u00e1n los ej\u00e9rcitos de las tinieblas alineados contra los justos\u2014legiones de demonios y los enga\u00f1ados, empu\u00f1ando las armas de la desesperaci\u00f3n, la confusi\u00f3n y la rebeli\u00f3n. Los \u00e1ngeles vengadores estar\u00e1n con los fieles, sus espadas cortando a trav\u00e9s de las hordas como un fuego en la hierba seca.<\/p>\n<p>Y los \u00e1ngeles declarar\u00e1n: \u00abNo teman, oh pueblo de Dios, porque no est\u00e1n solos. Yahv\u00e9 de los Ej\u00e9rcitos est\u00e1 con ustedes. El Santo de Israel est\u00e1 a su lado. La batalla no es de ustedes, sino del Se\u00f1or. Sin embargo, c\u00ed\u00f1anse con la armadura de la fe, porque el maligno busca dividir, debilitar y destruir. Mant\u00e9nganse firmes en la verdad, porque la verdad ser\u00e1 su escudo y su espada.\u00bb<\/p>\n<p>Los \u00e1ngeles llamar\u00e1n al remanente a reunirse, a fortalecerse con la Palabra y a orar sin cesar. Los \u00e1ngeles marcar\u00e1n a aquellos que llevan el sello de Dios, apart\u00e1ndolos como los guerreros santos de la \u00faltima era.<\/p>\n<p>Entonces el gran Miguel se levantar\u00e1 y dir\u00e1: \u00abEst\u00e9n vigilantes, porque el enemigo es astuto. Vendr\u00e1 como un \u00e1ngel de luz, hablando mentiras vestidas de medias verdades. Pero ustedes, que caminan en la luz del Todopoderoso, no ser\u00e1n enga\u00f1ados. Sus ojos perforar\u00e1n las tinieblas, y su esp\u00edritu discernir\u00e1 las falsedades. \u00c1tense a Yahv\u00e9 en pureza y rectitud, y que ninguna cosa impura habite entre ustedes.\u00bb<\/p>\n<p>Los \u00e1ngeles hablar\u00e1n entonces de las grandes pruebas por venir, pues los gobiernos ser\u00e1n sacudidos, y los l\u00edderes de las naciones se levantar\u00e1n unos contra otros. Los corazones de muchos desfallecer\u00e1n por el miedo, pero el remanente ser\u00e1 como una fortaleza de fe.<\/p>\n<p>Los \u00e1ngeles dir\u00e1n: \u00abEn los d\u00edas de gran tribulaci\u00f3n ver\u00e1n las se\u00f1ales\u2014los sat\u00e9lites cayendo, el sol danzando, y las estrellas apareciendo como si hubieran desaparecido del cielo. No se desanimen, porque estas cosas deben suceder antes de que el Rey regrese en gloria. El Mes\u00edas ha ense\u00f1ado que ser\u00e1n odiados por todas las naciones por causa de Su nombre, pero benditos son ustedes cuando los hombres los vituperen y los persigan, porque grande es su recompensa en los cielos.\u00bb<\/p>\n<p>Los \u00e1ngeles levantar\u00e1n sus espadas y proclamar\u00e1n: \u00ab\u00a1Preparen el camino de Yahv\u00e9 nuestro Dios, el Rey del Universo! Que Su nombre sea exaltado en la tierra, porque \u00c9l viene a juzgar a las naciones con justicia y verdad. Toda rodilla se doblar\u00e1, y toda lengua confesar\u00e1 que Jesucristo es el Se\u00f1or, para la gloria de Dios Padre.\u00bb Y luego los \u00e1ngeles vengadores ascender\u00e1n una vez m\u00e1s a los cielos, dejando al remanente fortalecido, envalentonado y listo para la batalla final.<\/p>\n<p>El tiempo est\u00e1 cerca. Mant\u00e9nganse firmes, oh remanente, porque la batalla est\u00e1 sobre ustedes. Santifiquen el nombre de Yahv\u00e9 con sus palabras, sus hechos y sus propias vidas. Que sus corazones sean como el acero, porque aunque el enemigo se enfurezca, no podr\u00e1 prevalecer contra la Roca de los Siglos. El Se\u00f1or mismo luchar\u00e1 por ustedes, y las puertas del infierno no los vencer\u00e1n, porque ustedes son Sus elegidos. Al\u00e9grense, porque la victoria est\u00e1 asegurada, y el Rey de Gloria reinar\u00e1 por los siglos de los siglos.<\/p>\n<hr>\n<p><em>Una Palabra para el 1 de octubre de 2024<\/em><\/p>\n<p><strong>Descenso del Poderoso \u00c1ngel de Dios<\/strong><\/p>\n<p>El 5 de enero de 2025, un poderoso \u00e1ngel, velado en una nube arremolinada, descender\u00e1 de los cielos con un rugido que sacudir\u00e1 los cimientos del infierno. Para los demonios que caminan sobre la superficie de la tierra, su presencia har\u00e1 que sus ojos se oscurezcan, y el infierno tronar\u00e1 como nunca antes. Sus alas, vastas como el horizonte, se extender\u00e1n por el firmamento. Bajo la sombra de sus alas, cada demonio que ronda la tierra temblar\u00e1 de terror, porque saben que ha llegado el tiempo se\u00f1alado para el ajuste de cuentas.<\/p>\n<p>Este \u00e1ngel, Miguel, un temible guerrero de la ira divina, empu\u00f1ar\u00e1 una espada forjada en los fuegos del cielo m\u00e1s alto, ardiente con la justa furia del Dios Todopoderoso. Su espada es un s\u00edmbolo del juicio definitivo, brillando al rojo vivo con el poder de discernir y marcar las almas de los malvados. Con precisi\u00f3n, comenzar\u00e1 a marcar a aquellos que se han rebelado contra Dios, aquellos que han sucumbido a los enga\u00f1os de los demonios y ahora siguen al falso mes\u00edas. Adem\u00e1s, los ap\u00f3statas, que habiendo conocido la verdad se apartaron de ella, recibir\u00e1n una doble porci\u00f3n de juicio, condenados no solo por sus pecados, sino tambi\u00e9n por su traici\u00f3n a la luz que una vez poseyeron.<\/p>\n<p>Los demonios, aunque llenos de maldad, se acobardar\u00e1n ante el Arc\u00e1ngel, sabiendo que su poder es limitado y que su final est\u00e1 marcado. A medida que el \u00e1ngel se mueva por las tierras, marcar\u00e1 a cada alma que haya abandonado la verdad de Dios, asegur\u00e1ndose de que ninguna escape al juicio divino. Los ap\u00f3statas, los ofensores m\u00e1s graves, llevar\u00e1n la marca de la condenaci\u00f3n final, reservada para aquellos que han pecado con pleno conocimiento, echando voluntariamente su suerte con el maligno.<\/p>\n<p>La espada del \u00e1ngel quemar\u00e1 sus mismas almas, marc\u00e1ndolas para el juicio final, un destino que refleja la condenaci\u00f3n que aguarda a su maestro, el maligno. Los ca\u00eddos ser\u00e1n reunidos para un terrible ajuste de cuentas, y sus gritos resonar\u00e1n por los reinos a medida que se acerque el d\u00eda del juicio. Ninguna s\u00faplica de misericordia ser\u00e1 escuchada de ellos, porque han despreciado la misericordia de Dios, eligiendo en su lugar el camino de la destrucci\u00f3n.<\/p>\n<p>Los demonios ahora tendr\u00e1n este conocimiento y comenzar\u00e1n a levantarse contra el remanente.<\/p>\n<p>Cuando el \u00e1ngel ascienda una vez m\u00e1s a los cielos, la tierra temblar\u00e1 bajo el peso de la condenaci\u00f3n que pende sobre los marcados. Su destino est\u00e1 sellado, y la batalla final entre el bien y el mal se aproxima. Lo que queda es la larga y agonizante espera para el d\u00eda en que los cielos se abrir\u00e1n de nuevo, esta vez para el juicio final e irrevocable de toda la creaci\u00f3n.<\/p>\n<hr>\n<p><em>Una Palabra para el 30 de septiembre de 2024<\/em><\/p>\n<p><strong>La Ascensi\u00f3n del Falso Mes\u00edas<\/strong><\/p>\n<p>En diciembre de 2024, surgir\u00e1 un demonio de gran influencia, envuelto en un aura enga\u00f1osa de paz. Este demonio ser\u00e1 alabado, no solo por los irreligiosos o indiferentes, sino tambi\u00e9n por aquellos que buscan un falso sentido de unidad y armon\u00eda. Ser\u00e1 exaltado y glorificado por los paganos y masones, aquellos que hace tiempo abandonaron al verdadero Dios por \u00eddolos mundanos y filosof\u00edas terrenales. Aunque sus palabras y presencia cautivar\u00e1n y calmar\u00e1n las ansiedades de sus propios seguidores, la oscuridad que llena su coraz\u00f3n estar\u00e1 oculta bajo esta fachada.<\/p>\n<p>Sin embargo, esta oscuridad no ser\u00e1 simplemente de maldad humana\u2014ser\u00e1 infernal, originada en las mismas profundidades del abismo. Las intenciones de este demonio ser\u00e1n desviar a un grupo particular de personas, gui\u00e1ndolas hacia una esclavitud que no percibir\u00e1n. Su objetivo ser\u00e1 formar un ej\u00e9rcito de seguidores que m\u00e1s tarde ser\u00e1 usado para luchar contra el remanente. Su ascenso marcar\u00e1 el comienzo de una nueva era de enga\u00f1o, en la que las personas lo seguir\u00e1n voluntariamente, cegadas por sus promesas de paz, seguridad y prosperidad. Sin embargo, estas promesas no ser\u00e1n m\u00e1s que una red de mentiras dise\u00f1ada para atrapar las almas de sus seguidores.<\/p>\n<p>Algunos lo declarar\u00e1n el salvador de la humanidad, una figura mesi\u00e1nica, mientras buscan soluciones mundanas para problemas espirituales. Los paganos se postrar\u00e1n a sus pies, creyendo que est\u00e1n abrazando la iluminaci\u00f3n, sin darse cuenta de que las cadenas de la esclavitud espiritual se est\u00e1n forjando en secreto. Traer\u00e1 una falsa unidad, donde la verdad ser\u00e1 suprimida, y aquellos que la defiendan ser\u00e1n silenciados o perseguidos.<\/p>\n<p>El ascenso de este demonio no solo ser\u00e1 una prueba para los fieles, sino tambi\u00e9n una manifestaci\u00f3n de la profunda batalla espiritual que se ha librado durante siglos. Ser\u00e1 un tiempo en el que el discernimiento entre la luz verdadera y la luz falsa ser\u00e1 crucial, ya que este demonio, vestido de paz, buscar\u00e1 desviar las almas de Dios y llevarlas a la oscuridad eterna.<\/p>\n<p>En esta etapa inicial, los fieles del remanente no ser\u00e1n da\u00f1ados por el demonio. El remanente debe orar para que el demonio y su ej\u00e9rcito sean expuestos. Deben orar para no ser enga\u00f1ados por el maligno.<\/p>\n<hr>\n<p><em>Una Palabra para el 19 de junio de 2024<\/em><\/p>\n<p>Escuchad, oh Remanente, porque un monumental despertar espiritual est\u00e1 a punto de comenzar en los \u00faltimos d\u00edas de septiembre de 2024. A medida que los d\u00edas se acortan, la luz de Alaha iluminar\u00e1 vuestras almas cada vez m\u00e1s intensamente. El Esp\u00edritu de Alaha descender\u00e1 sobre el Remanente, y la profec\u00eda florecer\u00e1 como nunca antes. Preparad vuestros corazones y mentes, porque la palabra de Alaha se extender\u00e1 por doquier, atrayendo a muchos hacia su innegable verdad. Estad listos, porque el tiempo del despertar es inminente.<\/p>\n<p>Este per\u00edodo se caracterizar\u00e1 por una manifestaci\u00f3n sin precedentes de sabidur\u00eda espiritual y revelaci\u00f3n. Muchos de los fieles experimentar\u00e1n percepciones m\u00e1s profundas y gu\u00eda divina, llevando a una comprensi\u00f3n m\u00e1s profunda de los misterios de Alaha. Como el Remanente, est\u00e1is llamados a ser vigilantes y firmes, abrazando la iluminaci\u00f3n que est\u00e1 por venir. No os desanim\u00e9is si al principio no escuch\u00e1is la palabra en vuestros corazones. Permaneced quietos y escuchad. En su momento, escuchar\u00e9is el susurro del Esp\u00edritu.<\/p>\n<p>En esta temporada de despertar, el Esp\u00edritu de Alaha encender\u00e1 un fervor dentro de vosotros, capacit\u00e1ndoos para hablar verdades que resuenen con claridad y convicci\u00f3n. Las profec\u00edas abundar\u00e1n, guiando al Remanente hacia el cumplimiento de su sagrado prop\u00f3sito.<\/p>\n<p>El tiempo est\u00e1 cerca; el despertar est\u00e1 sobre nosotros. Estad listos, oh Remanente, porque la luz de Alaha atravesar\u00e1 las sombras, trayendo un nuevo amanecer de iluminaci\u00f3n espiritual.<\/p>\n<hr>\n<\/div>\n","protected":false},"excerpt":{"rendered":"<p>Una Palabra para el 6 de octubre de 2024 \u00c1ngeles Vengadores Despu\u00e9s de que el enga\u00f1o haya oscurecido los corazones de muchos, y la luz de la verdad no sea m\u00e1s que un destello en la noche, una voz se oir\u00e1 en el desierto\u2014un clamor no de hombre, sino del ej\u00e9rcito celestial. La trompeta sonar\u00e1 &#8230;<\/p>\n","protected":false},"author":2,"featured_media":0,"parent":6,"menu_order":0,"comment_status":"closed","ping_status":"closed","template":"","meta":{"footnotes":""},"class_list":["post-467","page","type-page","status-publish"],"_links":{"self":[{"href":"https:\/\/covenantarian.org\/u\/wp-json\/wp\/v2\/pages\/467","targetHints":{"allow":["GET"]}}],"collection":[{"href":"https:\/\/covenantarian.org\/u\/wp-json\/wp\/v2\/pages"}],"about":[{"href":"https:\/\/covenantarian.org\/u\/wp-json\/wp\/v2\/types\/page"}],"author":[{"embeddable":true,"href":"https:\/\/covenantarian.org\/u\/wp-json\/wp\/v2\/users\/2"}],"replies":[{"embeddable":true,"href":"https:\/\/covenantarian.org\/u\/wp-json\/wp\/v2\/comments?post=467"}],"version-history":[{"count":5,"href":"https:\/\/covenantarian.org\/u\/wp-json\/wp\/v2\/pages\/467\/revisions"}],"predecessor-version":[{"id":478,"href":"https:\/\/covenantarian.org\/u\/wp-json\/wp\/v2\/pages\/467\/revisions\/478"}],"up":[{"embeddable":true,"href":"https:\/\/covenantarian.org\/u\/wp-json\/wp\/v2\/pages\/6"}],"wp:attachment":[{"href":"https:\/\/covenantarian.org\/u\/wp-json\/wp\/v2\/media?parent=467"}],"curies":[{"name":"wp","href":"https:\/\/api.w.org\/{rel}","templated":true}]}}