{"id":6,"date":"2024-05-10T20:15:15","date_gmt":"2024-05-10T20:15:15","guid":{"rendered":"https:\/\/covenantarian.org\/u\/?page_id=6"},"modified":"2024-11-11T20:16:48","modified_gmt":"2024-11-11T20:16:48","slug":"escrituras","status":"publish","type":"page","link":"https:\/\/covenantarian.org\/u\/escrituras\/","title":{"rendered":"Escrituras"},"content":{"rendered":"<div class=\"entry\">\n<p><img loading=\"lazy\" decoding=\"async\" src=\"https:\/\/covenantarian.org\/u\/wp-content\/uploads\/jeremiah-5191685_1280-300x225.jpg\" alt=\"\" width=\"300\" height=\"225\" class=\"alignright size-medium wp-image-7\" srcset=\"https:\/\/covenantarian.org\/u\/wp-content\/uploads\/jeremiah-5191685_1280-300x225.jpg 300w, https:\/\/covenantarian.org\/u\/wp-content\/uploads\/jeremiah-5191685_1280.jpg 350w\" sizes=\"auto, (max-width: 300px) 100vw, 300px\" \/><\/p>\n<ul>\n<li><a href=\"https:\/\/covenantarian.org\/u\/lecturas-del-leccionario\/\" target=\"_blank\" rel=\"noopener\">Lecturas del Pacto Unido<\/a><\/li>\n<li><a href=\"https:\/\/archive.org\/details\/biblia-peshita\" target=\"_blank\" rel=\"noopener\">Biblia Peshita (G\u00e9nesis &#8211; Apocalipsis)<\/a><\/li>\n<li><a href=\"https:\/\/www.bibliatodo.com\/la-biblia\/version\/Peshita-nuevo-testamento\" target=\"_blank\" rel=\"noopener\">Biblia Peshita &#8211; Nuevo Testamento<\/a><\/li>\n<li><a href=\"https:\/\/ebible.org\/study\/?w1=bible&#038;t1=local%3AspaRV1909&#038;v1=GN1_1\" target=\"_blank\" rel=\"noopener\">Santa Biblia &#8211; Reina Valera 1909<\/a><\/li>\n<li><a href=\"https:\/\/tarendra.org\/es\/publicaciones\/Didache-es-es.pdf\">Didache (pdf)<\/a><\/li>\n<li>Revelaciones de Maran Yeshua<\/li>\n<li><a href=\"https:\/\/tarendra.org\/es\/publicaciones\/selections-giliana-kudsha-vol-1-es-es.pdf\">Selecciones de la Giliana Kudsha (pdf)<\/a><\/li>\n<li><a href=\"https:\/\/tarendra.org\/es\/publicaciones\/Ensenanza-de-Mir-Izgadda-UPDATED-7th-Edition-25th-April-2024-es-es.pdf\">La Ense\u00f1anza de Mir Izgadda &#8211; Cap\u00edtulos 1-93 (pdf)<\/a><\/li>\n<li><a href=\"https:\/\/tarendra.org\/es\/publicaciones\/Capitulos-94-100-Ensenanza-Mir-Izgadda-es-es.pdf\">La Ense\u00f1anza de Mir Izgadda &#8211; Cap\u00edtulos 94-100 (pdf)<\/a><\/li>\n<li><a href=\"https:\/\/tarendra.org\/es\/publicaciones\/Evangelio-de-Mar-Mani-UPDATED-7th-Edition-25th-April-2024-United-Covenant-edition-es-es.pdf\">Evangelio de Mar Mani (pdf)<\/a><\/li>\n<li><a href=\"https:\/\/tarendra.org\/es\/publicaciones\/Oahspe-7-doctrinal-books-March-8th-2022-es-es.pdf\">Los Siete Libros Doctrinales del Oahspe (pdf)<\/a><\/li>\n<li>Mensaje de la Luz<\/li>\n<li><a href=\"https:\/\/covenantarian.org\/u\/escrituras\/revelaciones-de-mir-eliya\/\">Revelaciones de Mir Eliya<\/a><\/li>\n<li><a href=\"https:\/\/covenantarian.org\/u\/escrituras\/revelaciones-de-sadhu-sundar-singh\/\">Revelaciones de Sadhu Sundar Singh<\/a><\/li>\n<\/ul>\n<\/div>\n","protected":false},"excerpt":{"rendered":"<p>Lecturas del Pacto Unido Biblia Peshita (G\u00e9nesis &#8211; Apocalipsis) Biblia Peshita &#8211; Nuevo Testamento Santa Biblia &#8211; Reina Valera 1909 Didache (pdf) Revelaciones de Maran Yeshua Selecciones de la Giliana Kudsha (pdf) La Ense\u00f1anza de Mir Izgadda &#8211; Cap\u00edtulos 1-93 (pdf) La Ense\u00f1anza de Mir Izgadda &#8211; Cap\u00edtulos 94-100 (pdf) Evangelio de Mar Mani (pdf) &#8230;<\/p>\n","protected":false},"author":2,"featured_media":0,"parent":0,"menu_order":0,"comment_status":"closed","ping_status":"closed","template":"","meta":{"footnotes":""},"class_list":["post-6","page","type-page","status-publish"],"_links":{"self":[{"href":"https:\/\/covenantarian.org\/u\/wp-json\/wp\/v2\/pages\/6","targetHints":{"allow":["GET"]}}],"collection":[{"href":"https:\/\/covenantarian.org\/u\/wp-json\/wp\/v2\/pages"}],"about":[{"href":"https:\/\/covenantarian.org\/u\/wp-json\/wp\/v2\/types\/page"}],"author":[{"embeddable":true,"href":"https:\/\/covenantarian.org\/u\/wp-json\/wp\/v2\/users\/2"}],"replies":[{"embeddable":true,"href":"https:\/\/covenantarian.org\/u\/wp-json\/wp\/v2\/comments?post=6"}],"version-history":[{"count":9,"href":"https:\/\/covenantarian.org\/u\/wp-json\/wp\/v2\/pages\/6\/revisions"}],"predecessor-version":[{"id":517,"href":"https:\/\/covenantarian.org\/u\/wp-json\/wp\/v2\/pages\/6\/revisions\/517"}],"wp:attachment":[{"href":"https:\/\/covenantarian.org\/u\/wp-json\/wp\/v2\/media?parent=6"}],"curies":[{"name":"wp","href":"https:\/\/api.w.org\/{rel}","templated":true}]}}